{"id":112,"date":"2026-01-14T16:25:36","date_gmt":"2026-01-14T16:25:36","guid":{"rendered":"https:\/\/tienda3d.bio-esencia.net\/?post_type=product&#038;p=112"},"modified":"2026-03-10T13:04:23","modified_gmt":"2026-03-10T13:04:23","slug":"molde-para-jabon-personalizado","status":"publish","type":"product","link":"https:\/\/tienda3d.bio-esencia.net\/index.php\/producto\/molde-para-jabon-personalizado\/","title":{"rendered":"Molde para jab\u00f3n \u00abPersonalizado\u00bb"},"content":{"rendered":"<p><strong data-start=\"619\" data-end=\"646\">Cada proyecto es \u00fanico<\/strong><\/p>\n<p>Si quieres tu molde peque\u00f1o personalizado en tama\u00f1o, rellena el formulario y te preparamos un presupuesto adaptado a tu creaci\u00f3n. <strong>\u00a1Y no necesitan ser forrados por dentro!<\/strong><\/p>\n<p>Ten en cuenta que estos art\u00edculos se elaboran <strong data-start=\"347\" data-end=\"376\">uno a uno, con mucho mimo<\/strong>, por lo que trabajamos con <strong data-start=\"404\" data-end=\"423\">lista de espera<\/strong>.<\/p>\n<p>Fuerte y robusto para evitar que se deforme con el calor de la saponificaci\u00f3n.<\/p>\n<p>&nbsp;<\/p>\n<p style=\"text-align: left;\"><a href=\"https:\/\/forms.gle\/UN2gqyvfBEzZJF9G8\">\u00a0 \u00a0 \u00a0 PINCHA AQUI\u00a0 \u00a0 \u00a0 FORMULARIO<\/a><\/p>\n<p>&nbsp;<\/p>\n<p><strong>Incluye 1 a\u00f1o de garant\u00eda<\/strong><\/p>\n<p data-start=\"633\" data-end=\"743\"><strong>*El color puede variar*<\/strong><\/p>\n<p data-start=\"633\" data-end=\"743\"><strong>*NO APTO PARA LAVAVAJILLAS*<\/strong><\/p>\n<p data-start=\"633\" data-end=\"743\"><strong>Nota: Los moldes de color pierden intensidad con el uso por el contacto con la sosa c\u00e1ustica. Es algo normal y solo afecta al color, no a su funcionamiento.<\/strong><\/p>\n<h2 data-start=\"332\" data-end=\"382\">\ud83c\udf3f Un hilo especial para creaciones conscientes<\/h2>\n<p data-start=\"384\" data-end=\"577\">Todos nuestros moldes, prensas y sellos est\u00e1n impresos en 3D con un <strong data-start=\"452\" data-end=\"485\">material de \u00faltima generaci\u00f3n<\/strong>, elegido con un criterio claro: <strong data-start=\"518\" data-end=\"576\">alto rendimiento, seguridad y verdadera sostenibilidad<\/strong>.<\/p>\n<p data-start=\"579\" data-end=\"902\">Trabajamos con un filamento <strong data-start=\"607\" data-end=\"703\">100 % renovable, sin aceite y certificado como biodegradable seg\u00fan la norma DIN EN ISO 14855<\/strong>, lo que garantiza una descomposici\u00f3n responsable en condiciones adecuadas, sin dejar residuos t\u00f3xicos. No es una promesa vac\u00eda: es un compromiso real con el entorno y con la forma en la que creamos.<\/p>\n<p>Este material cuenta adem\u00e1s con <strong>aprobaci\u00f3n alimentaria (FDA)<\/strong> y ofrece un <strong>acabado semimate de alta calidad<\/strong>, combinando <strong>rigidez, resistencia a la flexi\u00f3n y al impacto<\/strong>, junto con una <strong>alta resistencia t\u00e9rmica, <\/strong>lo que lo hace ideal para herramientas que necesitan durar y rendir bien en el tiempo.<\/p>\n<hr data-start=\"1234\" data-end=\"1237\" \/>\n<h3 data-start=\"1239\" data-end=\"1269\">\u267b\ufe0f \u00bfPor qu\u00e9 no usamos PLA?<\/h3>\n<p data-start=\"1271\" data-end=\"1604\">Aunque el PLA suele presentarse como un material ecol\u00f3gico, su biodegradaci\u00f3n <strong data-start=\"1349\" data-end=\"1400\">solo ocurre en plantas de compostaje industrial<\/strong>, bajo condiciones muy concretas de temperatura, humedad y microorganismos. En entornos reales \u2014como vertederos o la naturaleza\u2014 <strong data-start=\"1529\" data-end=\"1560\">no se degrada adecuadamente<\/strong> y se comporta como cualquier otro pl\u00e1stico.<\/p>\n<p data-start=\"1606\" data-end=\"1791\">Por eso hemos elegido un material que <strong data-start=\"1644\" data-end=\"1679\">va m\u00e1s all\u00e1 del marketing verde<\/strong>, ofreciendo una alternativa realmente coherente, m\u00e1s resistente y adecuada para herramientas de uso continuado.<\/p>\n<hr data-start=\"1793\" data-end=\"1796\" \/>\n<h3 data-start=\"1798\" data-end=\"1856\">\u2728 Crear con sentido tambi\u00e9n es elegir bien el material<\/h3>\n<ul data-start=\"1858\" data-end=\"2091\">\n<li data-start=\"1858\" data-end=\"1896\">\n<p data-start=\"1860\" data-end=\"1896\">Materias primas <strong data-start=\"1876\" data-end=\"1896\">100 % renovables<\/strong><\/p>\n<\/li>\n<li data-start=\"1897\" data-end=\"1944\">\n<p data-start=\"1899\" data-end=\"1944\"><strong data-start=\"1899\" data-end=\"1944\">Biodegradable seg\u00fan normativa certificada<\/strong><\/p>\n<\/li>\n<li data-start=\"1945\" data-end=\"1988\">\n<p data-start=\"1947\" data-end=\"1988\">Sin aceite, m\u00e1s respetuoso con el entorno<\/p>\n<\/li>\n<li data-start=\"1989\" data-end=\"2038\">\n<p data-start=\"1991\" data-end=\"2038\">Alta resistencia t\u00e9rmica, mec\u00e1nica y al impacto<\/p>\n<\/li>\n<li data-start=\"2039\" data-end=\"2091\">\n<p data-start=\"2041\" data-end=\"2091\">Seguro para usos relacionados con cosm\u00e9tica s\u00f3lida<\/p>\n<\/li>\n<\/ul>\n<p data-start=\"2093\" data-end=\"2195\">Porque la cosm\u00e9tica natural no solo se formula.<br data-start=\"2140\" data-end=\"2143\" \/>Tambi\u00e9n se <strong data-start=\"2154\" data-end=\"2194\">acompa\u00f1a con herramientas coherentes<\/strong>.<\/p>\n","protected":false},"excerpt":{"rendered":"<p>Cada proyecto es \u00fanico Si quieres tu molde peque\u00f1o personalizado en tama\u00f1o, rellena el formulario y te preparamos un presupuesto adaptado a tu creaci\u00f3n. \u00a1Y no necesitan ser forrados por dentro! Ten en cuenta que estos art\u00edculos se elaboran uno a uno, con mucho mimo, por lo que trabajamos con lista de espera. Fuerte y [&hellip;]<\/p>\n","protected":false},"featured_media":280,"comment_status":"open","ping_status":"closed","template":"","meta":[],"product_brand":[],"product_cat":[26,30],"product_tag":[27],"class_list":{"0":"post-112","1":"product","2":"type-product","3":"status-publish","4":"has-post-thumbnail","6":"product_cat-moldes","7":"product_cat-personalizable","8":"product_tag-jabones","10":"first","11":"instock","12":"taxable","13":"shipping-taxable","14":"product-type-simple"},"jetpack_sharing_enabled":true,"_links":{"self":[{"href":"https:\/\/tienda3d.bio-esencia.net\/index.php\/wp-json\/wp\/v2\/product\/112","targetHints":{"allow":["GET"]}}],"collection":[{"href":"https:\/\/tienda3d.bio-esencia.net\/index.php\/wp-json\/wp\/v2\/product"}],"about":[{"href":"https:\/\/tienda3d.bio-esencia.net\/index.php\/wp-json\/wp\/v2\/types\/product"}],"replies":[{"embeddable":true,"href":"https:\/\/tienda3d.bio-esencia.net\/index.php\/wp-json\/wp\/v2\/comments?post=112"}],"wp:featuredmedia":[{"embeddable":true,"href":"https:\/\/tienda3d.bio-esencia.net\/index.php\/wp-json\/wp\/v2\/media\/280"}],"wp:attachment":[{"href":"https:\/\/tienda3d.bio-esencia.net\/index.php\/wp-json\/wp\/v2\/media?parent=112"}],"wp:term":[{"taxonomy":"product_brand","embeddable":true,"href":"https:\/\/tienda3d.bio-esencia.net\/index.php\/wp-json\/wp\/v2\/product_brand?post=112"},{"taxonomy":"product_cat","embeddable":true,"href":"https:\/\/tienda3d.bio-esencia.net\/index.php\/wp-json\/wp\/v2\/product_cat?post=112"},{"taxonomy":"product_tag","embeddable":true,"href":"https:\/\/tienda3d.bio-esencia.net\/index.php\/wp-json\/wp\/v2\/product_tag?post=112"}],"curies":[{"name":"wp","href":"https:\/\/api.w.org\/{rel}","templated":true}]}}