{"id":116,"date":"2026-01-14T16:36:53","date_gmt":"2026-01-14T16:36:53","guid":{"rendered":"https:\/\/tienda3d.bio-esencia.net\/?post_type=product&#038;p=116"},"modified":"2026-02-14T14:46:20","modified_gmt":"2026-02-14T14:46:20","slug":"biselador-para-jabones","status":"publish","type":"product","link":"https:\/\/tienda3d.bio-esencia.net\/index.php\/producto\/biselador-para-jabones\/","title":{"rendered":"Biselador para jabones"},"content":{"rendered":"<p data-start=\"251\" data-end=\"294\"><strong data-start=\"251\" data-end=\"294\">Cuatro acabados en una sola herramienta<\/strong><\/p>\n<p data-start=\"296\" data-end=\"451\">Este biselador est\u00e1 dise\u00f1ado para <strong data-start=\"330\" data-end=\"387\">suavizar cantos y dar un acabado limpio y profesional<\/strong> a tus jabones, respetando la pieza y el proceso en cada pasada.<\/p>\n<p data-start=\"453\" data-end=\"660\">La herramienta incorpora <strong data-start=\"478\" data-end=\"538\">cuatro dise\u00f1os de bisel diferentes en un \u00fanico utensilio<\/strong>, para que puedas elegir el acabado simplemente cambiando el lado de uso, sin cabezales sueltos ni accesorios adicionales.<\/p>\n<p data-start=\"662\" data-end=\"817\">Funcional, c\u00f3moda y bien equilibrada, est\u00e1 pensada para trabajar con control y precisi\u00f3n, tanto en jabones reci\u00e9n cortados como en piezas ya m\u00e1s asentadas.<\/p>\n<p data-start=\"819\" data-end=\"962\">Una herramienta pr\u00e1ctica y vers\u00e1til, creada para quienes cuidan los detalles y buscan acabados coherentes con una cosm\u00e9tica natural bien hecha.<\/p>\n<p data-start=\"633\" data-end=\"743\"><strong>*El color puede variar*<\/strong><\/p>\n<p data-start=\"633\" data-end=\"743\"><strong>*NO APTO PARA LAVAVAJILLAS*<\/strong><\/p>\n<p data-start=\"2093\" data-end=\"2195\">\n","protected":false},"excerpt":{"rendered":"<p>Cuatro acabados en una sola herramienta Este biselador est\u00e1 dise\u00f1ado para suavizar cantos y dar un acabado limpio y profesional a tus jabones, respetando la pieza y el proceso en cada pasada. La herramienta incorpora cuatro dise\u00f1os de bisel diferentes en un \u00fanico utensilio, para que puedas elegir el acabado simplemente cambiando el lado de [&hellip;]<\/p>\n","protected":false},"featured_media":119,"comment_status":"open","ping_status":"closed","template":"","meta":[],"product_brand":[],"product_cat":[29],"product_tag":[27],"class_list":{"0":"post-116","1":"product","2":"type-product","3":"status-publish","4":"has-post-thumbnail","6":"product_cat-herramientas-varias","7":"product_tag-jabones","9":"first","10":"instock","11":"taxable","12":"shipping-taxable","13":"purchasable","14":"product-type-simple"},"jetpack_sharing_enabled":true,"_links":{"self":[{"href":"https:\/\/tienda3d.bio-esencia.net\/index.php\/wp-json\/wp\/v2\/product\/116","targetHints":{"allow":["GET"]}}],"collection":[{"href":"https:\/\/tienda3d.bio-esencia.net\/index.php\/wp-json\/wp\/v2\/product"}],"about":[{"href":"https:\/\/tienda3d.bio-esencia.net\/index.php\/wp-json\/wp\/v2\/types\/product"}],"replies":[{"embeddable":true,"href":"https:\/\/tienda3d.bio-esencia.net\/index.php\/wp-json\/wp\/v2\/comments?post=116"}],"wp:featuredmedia":[{"embeddable":true,"href":"https:\/\/tienda3d.bio-esencia.net\/index.php\/wp-json\/wp\/v2\/media\/119"}],"wp:attachment":[{"href":"https:\/\/tienda3d.bio-esencia.net\/index.php\/wp-json\/wp\/v2\/media?parent=116"}],"wp:term":[{"taxonomy":"product_brand","embeddable":true,"href":"https:\/\/tienda3d.bio-esencia.net\/index.php\/wp-json\/wp\/v2\/product_brand?post=116"},{"taxonomy":"product_cat","embeddable":true,"href":"https:\/\/tienda3d.bio-esencia.net\/index.php\/wp-json\/wp\/v2\/product_cat?post=116"},{"taxonomy":"product_tag","embeddable":true,"href":"https:\/\/tienda3d.bio-esencia.net\/index.php\/wp-json\/wp\/v2\/product_tag?post=116"}],"curies":[{"name":"wp","href":"https:\/\/api.w.org\/{rel}","templated":true}]}}