{"id":158,"date":"2026-01-15T21:40:46","date_gmt":"2026-01-15T21:40:46","guid":{"rendered":"https:\/\/tienda3d.bio-esencia.net\/?post_type=product&#038;p=158"},"modified":"2026-01-19T13:52:53","modified_gmt":"2026-01-19T13:52:53","slug":"sello-jarra-de-cerveza","status":"publish","type":"product","link":"https:\/\/tienda3d.bio-esencia.net\/index.php\/producto\/sello-jarra-de-cerveza\/","title":{"rendered":"Sello \u00abJARRA DE CERVEZA\u00bb"},"content":{"rendered":"<p data-start=\"182\" data-end=\"300\">Sello con dise\u00f1o de <strong data-start=\"202\" data-end=\"222\">jarra de cerveza<\/strong>, pensado para marcar y dar personalidad a <strong data-start=\"265\" data-end=\"299\">jabones elaborados con cerveza<\/strong>.<\/p>\n<p data-start=\"302\" data-end=\"517\">Es de esos detalles que lo dicen todo sin palabras: ves la pastilla y ya sabes que ah\u00ed hay cerveza. Ideal para jabones r\u00fasticos, artesanos, de estilo m\u00e1s ca\u00f1ero o para ediciones especiales que se salen de lo t\u00edpico.<\/p>\n<p data-start=\"519\" data-end=\"669\">F\u00e1cil de usar y muy agradecido, perfecto para quienes hacen jab\u00f3n con cerveza y quieren que <strong data-start=\"611\" data-end=\"644\">se note, se vea y se entienda<\/strong> desde el primer vistazo.<\/p>\n<ul>\n<li data-start=\"2509\" data-end=\"2627\"><strong>El color puede variar *<\/strong><\/li>\n<\/ul>\n<p>&nbsp;<\/p>\n<p data-start=\"2093\" data-end=\"2195\">\n","protected":false},"excerpt":{"rendered":"<p>Sello con dise\u00f1o de jarra de cerveza, pensado para marcar y dar personalidad a jabones elaborados con cerveza. Es de esos detalles que lo dicen todo sin palabras: ves la pastilla y ya sabes que ah\u00ed hay cerveza. Ideal para jabones r\u00fasticos, artesanos, de estilo m\u00e1s ca\u00f1ero o para ediciones especiales que se salen de [&hellip;]<\/p>\n","protected":false},"featured_media":159,"comment_status":"open","ping_status":"closed","template":"","meta":[],"product_brand":[],"product_cat":[25],"product_tag":[27],"class_list":{"0":"post-158","1":"product","2":"type-product","3":"status-publish","4":"has-post-thumbnail","6":"product_cat-sellos","7":"product_tag-jabones","9":"first","10":"instock","11":"taxable","12":"shipping-taxable","13":"purchasable","14":"product-type-simple"},"jetpack_sharing_enabled":true,"_links":{"self":[{"href":"https:\/\/tienda3d.bio-esencia.net\/index.php\/wp-json\/wp\/v2\/product\/158","targetHints":{"allow":["GET"]}}],"collection":[{"href":"https:\/\/tienda3d.bio-esencia.net\/index.php\/wp-json\/wp\/v2\/product"}],"about":[{"href":"https:\/\/tienda3d.bio-esencia.net\/index.php\/wp-json\/wp\/v2\/types\/product"}],"replies":[{"embeddable":true,"href":"https:\/\/tienda3d.bio-esencia.net\/index.php\/wp-json\/wp\/v2\/comments?post=158"}],"wp:featuredmedia":[{"embeddable":true,"href":"https:\/\/tienda3d.bio-esencia.net\/index.php\/wp-json\/wp\/v2\/media\/159"}],"wp:attachment":[{"href":"https:\/\/tienda3d.bio-esencia.net\/index.php\/wp-json\/wp\/v2\/media?parent=158"}],"wp:term":[{"taxonomy":"product_brand","embeddable":true,"href":"https:\/\/tienda3d.bio-esencia.net\/index.php\/wp-json\/wp\/v2\/product_brand?post=158"},{"taxonomy":"product_cat","embeddable":true,"href":"https:\/\/tienda3d.bio-esencia.net\/index.php\/wp-json\/wp\/v2\/product_cat?post=158"},{"taxonomy":"product_tag","embeddable":true,"href":"https:\/\/tienda3d.bio-esencia.net\/index.php\/wp-json\/wp\/v2\/product_tag?post=158"}],"curies":[{"name":"wp","href":"https:\/\/api.w.org\/{rel}","templated":true}]}}