{"id":162,"date":"2026-01-15T22:37:49","date_gmt":"2026-01-15T22:37:49","guid":{"rendered":"https:\/\/tienda3d.bio-esencia.net\/?post_type=product&#038;p=162"},"modified":"2026-01-19T13:51:07","modified_gmt":"2026-01-19T13:51:07","slug":"sello-de-calabaza","status":"publish","type":"product","link":"https:\/\/tienda3d.bio-esencia.net\/index.php\/producto\/sello-de-calabaza\/","title":{"rendered":"Sello \u00abCALABAZA\u00bb"},"content":{"rendered":"<p data-start=\"167\" data-end=\"315\">Sello con dise\u00f1o de <strong data-start=\"187\" data-end=\"199\">calabaza<\/strong>, pensado para marcar y dar personalidad a tus <strong data-start=\"246\" data-end=\"281\">jabones elaborados con calabaza<\/strong> o inspirados en recetas de oto\u00f1o.<\/p>\n<p data-start=\"317\" data-end=\"543\">Un detalle sencillo que lo deja claro al instante: ves la pastilla y ya sabes que ah\u00ed hay <strong data-start=\"407\" data-end=\"437\">calabaza, nutrici\u00f3n y mimo<\/strong>. Ideal para jabones cremosos, de temporada, recetas ricas en az\u00facares naturales o colecciones especiales.<\/p>\n<p data-start=\"317\" data-end=\"543\"><strong data-start=\"602\" data-end=\"643\">Un dise\u00f1o que acompa\u00f1a al ingrediente<\/strong>, sin robar protagonismo pero dejando claro de qu\u00e9 va el jab\u00f3n.<\/p>\n<ul>\n<li data-start=\"2509\" data-end=\"2627\"><strong>El color puede variar *<\/strong><\/li>\n<\/ul>\n<p>&nbsp;<\/p>\n<p data-start=\"2093\" data-end=\"2195\">\n","protected":false},"excerpt":{"rendered":"<p>Sello con dise\u00f1o de calabaza, pensado para marcar y dar personalidad a tus jabones elaborados con calabaza o inspirados en recetas de oto\u00f1o. Un detalle sencillo que lo deja claro al instante: ves la pastilla y ya sabes que ah\u00ed hay calabaza, nutrici\u00f3n y mimo. Ideal para jabones cremosos, de temporada, recetas ricas en az\u00facares [&hellip;]<\/p>\n","protected":false},"featured_media":163,"comment_status":"open","ping_status":"closed","template":"","meta":[],"product_brand":[],"product_cat":[25],"product_tag":[27],"class_list":{"0":"post-162","1":"product","2":"type-product","3":"status-publish","4":"has-post-thumbnail","6":"product_cat-sellos","7":"product_tag-jabones","9":"first","10":"instock","11":"taxable","12":"shipping-taxable","13":"purchasable","14":"product-type-simple"},"jetpack_sharing_enabled":true,"_links":{"self":[{"href":"https:\/\/tienda3d.bio-esencia.net\/index.php\/wp-json\/wp\/v2\/product\/162","targetHints":{"allow":["GET"]}}],"collection":[{"href":"https:\/\/tienda3d.bio-esencia.net\/index.php\/wp-json\/wp\/v2\/product"}],"about":[{"href":"https:\/\/tienda3d.bio-esencia.net\/index.php\/wp-json\/wp\/v2\/types\/product"}],"replies":[{"embeddable":true,"href":"https:\/\/tienda3d.bio-esencia.net\/index.php\/wp-json\/wp\/v2\/comments?post=162"}],"wp:featuredmedia":[{"embeddable":true,"href":"https:\/\/tienda3d.bio-esencia.net\/index.php\/wp-json\/wp\/v2\/media\/163"}],"wp:attachment":[{"href":"https:\/\/tienda3d.bio-esencia.net\/index.php\/wp-json\/wp\/v2\/media?parent=162"}],"wp:term":[{"taxonomy":"product_brand","embeddable":true,"href":"https:\/\/tienda3d.bio-esencia.net\/index.php\/wp-json\/wp\/v2\/product_brand?post=162"},{"taxonomy":"product_cat","embeddable":true,"href":"https:\/\/tienda3d.bio-esencia.net\/index.php\/wp-json\/wp\/v2\/product_cat?post=162"},{"taxonomy":"product_tag","embeddable":true,"href":"https:\/\/tienda3d.bio-esencia.net\/index.php\/wp-json\/wp\/v2\/product_tag?post=162"}],"curies":[{"name":"wp","href":"https:\/\/api.w.org\/{rel}","templated":true}]}}