{"id":164,"date":"2026-01-15T22:52:31","date_gmt":"2026-01-15T22:52:31","guid":{"rendered":"https:\/\/tienda3d.bio-esencia.net\/?post_type=product&#038;p=164"},"modified":"2026-01-19T13:50:44","modified_gmt":"2026-01-19T13:50:44","slug":"sello-cacao-para-jabones","status":"publish","type":"product","link":"https:\/\/tienda3d.bio-esencia.net\/index.php\/producto\/sello-cacao-para-jabones\/","title":{"rendered":"Sello \u201cCACAO\u201d"},"content":{"rendered":"<p data-start=\"188\" data-end=\"327\">Sello con la palabra <strong data-start=\"209\" data-end=\"218\">CACAO<\/strong>, pensado para marcar y diferenciar jabones elaborados con <strong data-start=\"277\" data-end=\"326\">cacao, manteca de cacao o productos derivados<\/strong>.<\/p>\n<p data-start=\"329\" data-end=\"507\">Un detalle claro y directo que conecta al instante con la receta. Ves la pastilla y ya sabes que ah\u00ed hay <strong data-start=\"434\" data-end=\"478\">nutrici\u00f3n, cremosidad y ese punto goloso<\/strong> que tanto gusta en el jab\u00f3n.<\/p>\n<p data-start=\"509\" data-end=\"631\">Ideal para jabones ricos, envolventes y con presencia, de esos que entran por los ojos y se disfrutan desde el primer uso.<\/p>\n<ul>\n<li data-start=\"2509\" data-end=\"2627\"><strong>El color puede variar *<\/strong><\/li>\n<\/ul>\n<p>&nbsp;<\/p>\n<p data-start=\"2093\" data-end=\"2195\">\n","protected":false},"excerpt":{"rendered":"<p>Sello con la palabra CACAO, pensado para marcar y diferenciar jabones elaborados con cacao, manteca de cacao o productos derivados. Un detalle claro y directo que conecta al instante con la receta. Ves la pastilla y ya sabes que ah\u00ed hay nutrici\u00f3n, cremosidad y ese punto goloso que tanto gusta en el jab\u00f3n. Ideal para [&hellip;]<\/p>\n","protected":false},"featured_media":165,"comment_status":"open","ping_status":"closed","template":"","meta":[],"product_brand":[],"product_cat":[25],"product_tag":[27],"class_list":{"0":"post-164","1":"product","2":"type-product","3":"status-publish","4":"has-post-thumbnail","6":"product_cat-sellos","7":"product_tag-jabones","9":"first","10":"instock","11":"taxable","12":"shipping-taxable","13":"purchasable","14":"product-type-simple"},"jetpack_sharing_enabled":true,"_links":{"self":[{"href":"https:\/\/tienda3d.bio-esencia.net\/index.php\/wp-json\/wp\/v2\/product\/164","targetHints":{"allow":["GET"]}}],"collection":[{"href":"https:\/\/tienda3d.bio-esencia.net\/index.php\/wp-json\/wp\/v2\/product"}],"about":[{"href":"https:\/\/tienda3d.bio-esencia.net\/index.php\/wp-json\/wp\/v2\/types\/product"}],"replies":[{"embeddable":true,"href":"https:\/\/tienda3d.bio-esencia.net\/index.php\/wp-json\/wp\/v2\/comments?post=164"}],"wp:featuredmedia":[{"embeddable":true,"href":"https:\/\/tienda3d.bio-esencia.net\/index.php\/wp-json\/wp\/v2\/media\/165"}],"wp:attachment":[{"href":"https:\/\/tienda3d.bio-esencia.net\/index.php\/wp-json\/wp\/v2\/media?parent=164"}],"wp:term":[{"taxonomy":"product_brand","embeddable":true,"href":"https:\/\/tienda3d.bio-esencia.net\/index.php\/wp-json\/wp\/v2\/product_brand?post=164"},{"taxonomy":"product_cat","embeddable":true,"href":"https:\/\/tienda3d.bio-esencia.net\/index.php\/wp-json\/wp\/v2\/product_cat?post=164"},{"taxonomy":"product_tag","embeddable":true,"href":"https:\/\/tienda3d.bio-esencia.net\/index.php\/wp-json\/wp\/v2\/product_tag?post=164"}],"curies":[{"name":"wp","href":"https:\/\/api.w.org\/{rel}","templated":true}]}}