{"id":213,"date":"2026-01-16T16:56:05","date_gmt":"2026-01-16T16:56:05","guid":{"rendered":"https:\/\/tienda3d.bio-esencia.net\/?post_type=product&#038;p=213"},"modified":"2026-01-19T13:48:42","modified_gmt":"2026-01-19T13:48:42","slug":"sello-100-natural","status":"publish","type":"product","link":"https:\/\/tienda3d.bio-esencia.net\/index.php\/producto\/sello-100-natural\/","title":{"rendered":"Sello \u201c100 % NATURAL\u201d"},"content":{"rendered":"<p data-start=\"177\" data-end=\"326\">Sello con el mensaje <strong data-start=\"198\" data-end=\"215\">100 % NATURAL<\/strong>, pensado para dejar claro, de un vistazo, que tu jab\u00f3n est\u00e1 hecho con ingredientes naturales y sin artificios.<\/p>\n<p data-start=\"328\" data-end=\"563\">Es de esos sellos que <strong data-start=\"350\" data-end=\"378\">no necesitan explicaci\u00f3n<\/strong>. Lo ves y transmite honestidad, coherencia y una forma de hacer las cosas sin atajos. Ideal para jabones artesanos, recetas sencillas y proyectos que apuestan por lo natural de verdad.<\/p>\n<p data-start=\"565\" data-end=\"665\">Un detalle limpio y directo, perfecto para quienes quieren que su jab\u00f3n <strong data-start=\"637\" data-end=\"664\">hable claro desde fuera<\/strong>.<\/p>\n<ul>\n<li data-start=\"2509\" data-end=\"2627\"><strong>El color puede variar *<\/strong><\/li>\n<\/ul>\n<p>&nbsp;<\/p>\n<p data-start=\"2093\" data-end=\"2195\">\n","protected":false},"excerpt":{"rendered":"<p>Sello con el mensaje 100 % NATURAL, pensado para dejar claro, de un vistazo, que tu jab\u00f3n est\u00e1 hecho con ingredientes naturales y sin artificios. Es de esos sellos que no necesitan explicaci\u00f3n. Lo ves y transmite honestidad, coherencia y una forma de hacer las cosas sin atajos. Ideal para jabones artesanos, recetas sencillas y [&hellip;]<\/p>\n","protected":false},"featured_media":214,"comment_status":"open","ping_status":"closed","template":"","meta":[],"product_brand":[],"product_cat":[25],"product_tag":[27],"class_list":{"0":"post-213","1":"product","2":"type-product","3":"status-publish","4":"has-post-thumbnail","6":"product_cat-sellos","7":"product_tag-jabones","9":"first","10":"instock","11":"taxable","12":"shipping-taxable","13":"purchasable","14":"product-type-simple"},"jetpack_sharing_enabled":true,"_links":{"self":[{"href":"https:\/\/tienda3d.bio-esencia.net\/index.php\/wp-json\/wp\/v2\/product\/213","targetHints":{"allow":["GET"]}}],"collection":[{"href":"https:\/\/tienda3d.bio-esencia.net\/index.php\/wp-json\/wp\/v2\/product"}],"about":[{"href":"https:\/\/tienda3d.bio-esencia.net\/index.php\/wp-json\/wp\/v2\/types\/product"}],"replies":[{"embeddable":true,"href":"https:\/\/tienda3d.bio-esencia.net\/index.php\/wp-json\/wp\/v2\/comments?post=213"}],"wp:featuredmedia":[{"embeddable":true,"href":"https:\/\/tienda3d.bio-esencia.net\/index.php\/wp-json\/wp\/v2\/media\/214"}],"wp:attachment":[{"href":"https:\/\/tienda3d.bio-esencia.net\/index.php\/wp-json\/wp\/v2\/media?parent=213"}],"wp:term":[{"taxonomy":"product_brand","embeddable":true,"href":"https:\/\/tienda3d.bio-esencia.net\/index.php\/wp-json\/wp\/v2\/product_brand?post=213"},{"taxonomy":"product_cat","embeddable":true,"href":"https:\/\/tienda3d.bio-esencia.net\/index.php\/wp-json\/wp\/v2\/product_cat?post=213"},{"taxonomy":"product_tag","embeddable":true,"href":"https:\/\/tienda3d.bio-esencia.net\/index.php\/wp-json\/wp\/v2\/product_tag?post=213"}],"curies":[{"name":"wp","href":"https:\/\/api.w.org\/{rel}","templated":true}]}}