{"id":215,"date":"2026-01-16T17:12:49","date_gmt":"2026-01-16T17:12:49","guid":{"rendered":"https:\/\/tienda3d.bio-esencia.net\/?post_type=product&#038;p=215"},"modified":"2026-01-19T13:48:17","modified_gmt":"2026-01-19T13:48:17","slug":"sello-lavanda","status":"publish","type":"product","link":"https:\/\/tienda3d.bio-esencia.net\/index.php\/producto\/sello-lavanda\/","title":{"rendered":"Sello \u201cLAVANDA\u201d"},"content":{"rendered":"<p data-start=\"160\" data-end=\"287\">Sello con la palabra <strong data-start=\"181\" data-end=\"192\">LAVANDA y florecillas <\/strong>, pensado para marcar jabones que llevan lavanda, ya sea en aceite esencial, infusi\u00f3n o planta.<\/p>\n<p data-start=\"289\" data-end=\"459\">Un dise\u00f1o sencillo que transmite calma y limpieza nada m\u00e1s verlo. Ideal para jabones relajantes, de uso diario o para esos jabones que invitan a parar un poco y respirar.<\/p>\n<p data-start=\"461\" data-end=\"594\">Un sello discreto y bonito, perfecto para acompa\u00f1ar recetas suaves y dejar claro, sin adornos, <strong data-start=\"556\" data-end=\"593\">qu\u00e9 ingrediente manda en el jab\u00f3n<\/strong>.<\/p>\n<ul>\n<li data-start=\"2509\" data-end=\"2627\"><strong>El color puede variar *<\/strong><\/li>\n<\/ul>\n<p>&nbsp;<\/p>\n<p data-start=\"2093\" data-end=\"2195\">\n","protected":false},"excerpt":{"rendered":"<p>Sello con la palabra LAVANDA y florecillas , pensado para marcar jabones que llevan lavanda, ya sea en aceite esencial, infusi\u00f3n o planta. Un dise\u00f1o sencillo que transmite calma y limpieza nada m\u00e1s verlo. Ideal para jabones relajantes, de uso diario o para esos jabones que invitan a parar un poco y respirar. Un sello [&hellip;]<\/p>\n","protected":false},"featured_media":216,"comment_status":"open","ping_status":"closed","template":"","meta":[],"product_brand":[],"product_cat":[25],"product_tag":[27],"class_list":{"0":"post-215","1":"product","2":"type-product","3":"status-publish","4":"has-post-thumbnail","6":"product_cat-sellos","7":"product_tag-jabones","9":"first","10":"instock","11":"taxable","12":"shipping-taxable","13":"purchasable","14":"product-type-simple"},"jetpack_sharing_enabled":true,"_links":{"self":[{"href":"https:\/\/tienda3d.bio-esencia.net\/index.php\/wp-json\/wp\/v2\/product\/215","targetHints":{"allow":["GET"]}}],"collection":[{"href":"https:\/\/tienda3d.bio-esencia.net\/index.php\/wp-json\/wp\/v2\/product"}],"about":[{"href":"https:\/\/tienda3d.bio-esencia.net\/index.php\/wp-json\/wp\/v2\/types\/product"}],"replies":[{"embeddable":true,"href":"https:\/\/tienda3d.bio-esencia.net\/index.php\/wp-json\/wp\/v2\/comments?post=215"}],"wp:featuredmedia":[{"embeddable":true,"href":"https:\/\/tienda3d.bio-esencia.net\/index.php\/wp-json\/wp\/v2\/media\/216"}],"wp:attachment":[{"href":"https:\/\/tienda3d.bio-esencia.net\/index.php\/wp-json\/wp\/v2\/media?parent=215"}],"wp:term":[{"taxonomy":"product_brand","embeddable":true,"href":"https:\/\/tienda3d.bio-esencia.net\/index.php\/wp-json\/wp\/v2\/product_brand?post=215"},{"taxonomy":"product_cat","embeddable":true,"href":"https:\/\/tienda3d.bio-esencia.net\/index.php\/wp-json\/wp\/v2\/product_cat?post=215"},{"taxonomy":"product_tag","embeddable":true,"href":"https:\/\/tienda3d.bio-esencia.net\/index.php\/wp-json\/wp\/v2\/product_tag?post=215"}],"curies":[{"name":"wp","href":"https:\/\/api.w.org\/{rel}","templated":true}]}}