{"id":217,"date":"2026-01-16T17:18:15","date_gmt":"2026-01-16T17:18:15","guid":{"rendered":"https:\/\/tienda3d.bio-esencia.net\/?post_type=product&#038;p=217"},"modified":"2026-01-19T13:47:46","modified_gmt":"2026-01-19T13:47:46","slug":"sello-sombrero-de-brujita","status":"publish","type":"product","link":"https:\/\/tienda3d.bio-esencia.net\/index.php\/producto\/sello-sombrero-de-brujita\/","title":{"rendered":"Sello \u00abSOMBRERO DE BRUJITA\u00bb"},"content":{"rendered":"<p data-start=\"207\" data-end=\"324\">Sello con dise\u00f1o de <strong data-start=\"227\" data-end=\"251\">sombrero de brujilla<\/strong>, pensado para jabones con un toque diferente, creativo y un poco m\u00e1gico.<\/p>\n<p data-start=\"326\" data-end=\"553\">Ideal para recetas especiales, jabones rituales, de inspiraci\u00f3n herbal, energ\u00e9tica o simplemente para quienes disfrutan salirse de lo t\u00edpico. Es de esos sellos que hacen que el jab\u00f3n <strong data-start=\"509\" data-end=\"552\">llame la atenci\u00f3n sin decir una palabra<\/strong>.<\/p>\n<p data-start=\"555\" data-end=\"669\">Un gui\u00f1o divertido y con personalidad, perfecto para jabones que no son normales\u2026<br data-start=\"636\" data-end=\"639\" \/>porque tampoco quieren serlo \u2728<\/p>\n<ul>\n<li data-start=\"2509\" data-end=\"2627\"><strong>El color puede variar *<\/strong><\/li>\n<\/ul>\n<p>&nbsp;<\/p>\n<p data-start=\"2093\" data-end=\"2195\">\n","protected":false},"excerpt":{"rendered":"<p>Sello con dise\u00f1o de sombrero de brujilla, pensado para jabones con un toque diferente, creativo y un poco m\u00e1gico. Ideal para recetas especiales, jabones rituales, de inspiraci\u00f3n herbal, energ\u00e9tica o simplemente para quienes disfrutan salirse de lo t\u00edpico. Es de esos sellos que hacen que el jab\u00f3n llame la atenci\u00f3n sin decir una palabra. Un [&hellip;]<\/p>\n","protected":false},"featured_media":218,"comment_status":"open","ping_status":"closed","template":"","meta":[],"product_brand":[],"product_cat":[25],"product_tag":[27],"class_list":{"0":"post-217","1":"product","2":"type-product","3":"status-publish","4":"has-post-thumbnail","6":"product_cat-sellos","7":"product_tag-jabones","9":"first","10":"instock","11":"taxable","12":"shipping-taxable","13":"purchasable","14":"product-type-simple"},"jetpack_sharing_enabled":true,"_links":{"self":[{"href":"https:\/\/tienda3d.bio-esencia.net\/index.php\/wp-json\/wp\/v2\/product\/217","targetHints":{"allow":["GET"]}}],"collection":[{"href":"https:\/\/tienda3d.bio-esencia.net\/index.php\/wp-json\/wp\/v2\/product"}],"about":[{"href":"https:\/\/tienda3d.bio-esencia.net\/index.php\/wp-json\/wp\/v2\/types\/product"}],"replies":[{"embeddable":true,"href":"https:\/\/tienda3d.bio-esencia.net\/index.php\/wp-json\/wp\/v2\/comments?post=217"}],"wp:featuredmedia":[{"embeddable":true,"href":"https:\/\/tienda3d.bio-esencia.net\/index.php\/wp-json\/wp\/v2\/media\/218"}],"wp:attachment":[{"href":"https:\/\/tienda3d.bio-esencia.net\/index.php\/wp-json\/wp\/v2\/media?parent=217"}],"wp:term":[{"taxonomy":"product_brand","embeddable":true,"href":"https:\/\/tienda3d.bio-esencia.net\/index.php\/wp-json\/wp\/v2\/product_brand?post=217"},{"taxonomy":"product_cat","embeddable":true,"href":"https:\/\/tienda3d.bio-esencia.net\/index.php\/wp-json\/wp\/v2\/product_cat?post=217"},{"taxonomy":"product_tag","embeddable":true,"href":"https:\/\/tienda3d.bio-esencia.net\/index.php\/wp-json\/wp\/v2\/product_tag?post=217"}],"curies":[{"name":"wp","href":"https:\/\/api.w.org\/{rel}","templated":true}]}}