{"id":219,"date":"2026-01-16T17:23:56","date_gmt":"2026-01-16T17:23:56","guid":{"rendered":"https:\/\/tienda3d.bio-esencia.net\/?post_type=product&#038;p=219"},"modified":"2026-01-19T13:47:22","modified_gmt":"2026-01-19T13:47:22","slug":"219","status":"publish","type":"product","link":"https:\/\/tienda3d.bio-esencia.net\/index.php\/producto\/219\/","title":{"rendered":"Sello \u00abFLOR DE LA VIDA\u00bb"},"content":{"rendered":"<p data-start=\"198\" data-end=\"348\">Sello con el s\u00edmbolo de la <strong data-start=\"225\" data-end=\"244\">Flor de la Vida<\/strong>, pensado para jabones que van m\u00e1s all\u00e1 de lo est\u00e9tico y llevan <strong data-start=\"308\" data-end=\"347\">intenci\u00f3n, equilibrio y significado<\/strong>.<\/p>\n<p data-start=\"350\" data-end=\"587\">Es un dise\u00f1o muy reconocible, usado desde hace siglos, que transmite armon\u00eda, conexi\u00f3n y orden. Ideal para jabones energ\u00e9ticos, rituales, herbales o simplemente para quienes sienten que su jab\u00f3n es algo m\u00e1s que una pastilla para lavarse.<\/p>\n<p data-start=\"589\" data-end=\"711\">Un sello que no grita, pero se nota. Perfecto para jabones hechos con calma, conciencia y una forma de crear muy personal.<\/p>\n<ul>\n<li data-start=\"2509\" data-end=\"2627\"><strong>El color puede variar *<\/strong><\/li>\n<\/ul>\n<p>&nbsp;<\/p>\n<p data-start=\"2093\" data-end=\"2195\">\n","protected":false},"excerpt":{"rendered":"<p>Sello con el s\u00edmbolo de la Flor de la Vida, pensado para jabones que van m\u00e1s all\u00e1 de lo est\u00e9tico y llevan intenci\u00f3n, equilibrio y significado. Es un dise\u00f1o muy reconocible, usado desde hace siglos, que transmite armon\u00eda, conexi\u00f3n y orden. Ideal para jabones energ\u00e9ticos, rituales, herbales o simplemente para quienes sienten que su jab\u00f3n [&hellip;]<\/p>\n","protected":false},"featured_media":220,"comment_status":"open","ping_status":"closed","template":"","meta":[],"product_brand":[],"product_cat":[25],"product_tag":[27],"class_list":{"0":"post-219","1":"product","2":"type-product","3":"status-publish","4":"has-post-thumbnail","6":"product_cat-sellos","7":"product_tag-jabones","9":"first","10":"instock","11":"taxable","12":"shipping-taxable","13":"purchasable","14":"product-type-simple"},"jetpack_sharing_enabled":true,"_links":{"self":[{"href":"https:\/\/tienda3d.bio-esencia.net\/index.php\/wp-json\/wp\/v2\/product\/219","targetHints":{"allow":["GET"]}}],"collection":[{"href":"https:\/\/tienda3d.bio-esencia.net\/index.php\/wp-json\/wp\/v2\/product"}],"about":[{"href":"https:\/\/tienda3d.bio-esencia.net\/index.php\/wp-json\/wp\/v2\/types\/product"}],"replies":[{"embeddable":true,"href":"https:\/\/tienda3d.bio-esencia.net\/index.php\/wp-json\/wp\/v2\/comments?post=219"}],"wp:featuredmedia":[{"embeddable":true,"href":"https:\/\/tienda3d.bio-esencia.net\/index.php\/wp-json\/wp\/v2\/media\/220"}],"wp:attachment":[{"href":"https:\/\/tienda3d.bio-esencia.net\/index.php\/wp-json\/wp\/v2\/media?parent=219"}],"wp:term":[{"taxonomy":"product_brand","embeddable":true,"href":"https:\/\/tienda3d.bio-esencia.net\/index.php\/wp-json\/wp\/v2\/product_brand?post=219"},{"taxonomy":"product_cat","embeddable":true,"href":"https:\/\/tienda3d.bio-esencia.net\/index.php\/wp-json\/wp\/v2\/product_cat?post=219"},{"taxonomy":"product_tag","embeddable":true,"href":"https:\/\/tienda3d.bio-esencia.net\/index.php\/wp-json\/wp\/v2\/product_tag?post=219"}],"curies":[{"name":"wp","href":"https:\/\/api.w.org\/{rel}","templated":true}]}}