{"id":221,"date":"2026-01-16T17:38:20","date_gmt":"2026-01-16T17:38:20","guid":{"rendered":"https:\/\/tienda3d.bio-esencia.net\/?post_type=product&#038;p=221"},"modified":"2026-01-19T13:47:00","modified_gmt":"2026-01-19T13:47:00","slug":"sello-triquetra","status":"publish","type":"product","link":"https:\/\/tienda3d.bio-esencia.net\/index.php\/producto\/sello-triquetra\/","title":{"rendered":"Sello \u00abTRIQUETRA\u00bb"},"content":{"rendered":"<p data-start=\"664\" data-end=\"766\">Sello con el s\u00edmbolo de la <strong data-start=\"691\" data-end=\"704\">Tr\u00edquetra<\/strong>, un dise\u00f1o celta antiguo cargado de significado y equilibrio.<\/p>\n<p data-start=\"768\" data-end=\"978\">Es un s\u00edmbolo que habla de <strong data-start=\"795\" data-end=\"824\">unidad, ciclos y conexi\u00f3n<\/strong>, perfecto para jabones con intenci\u00f3n, rituales, herbales o energ\u00e9ticos. No es solo decorativo: es de esos sellos que transmiten algo m\u00e1s cuando lo miras.<\/p>\n<p data-start=\"980\" data-end=\"1133\">Ideal para quienes crean jabones desde un lugar m\u00e1s consciente, simb\u00f3lico o personal, y quieren que ese mensaje <strong data-start=\"1092\" data-end=\"1132\">tambi\u00e9n quede grabado en la pastilla<\/strong>.<\/p>\n<p data-start=\"1135\" data-end=\"1223\">Un sello con presencia, sin estridencias, para jabones que se hacen con calma y sentido.<\/p>\n<ul>\n<li data-start=\"2509\" data-end=\"2627\"><strong>El color puede variar *<\/strong><\/li>\n<\/ul>\n<p>&nbsp;<\/p>\n<p data-start=\"2093\" data-end=\"2195\">\n","protected":false},"excerpt":{"rendered":"<p>Sello con el s\u00edmbolo de la Tr\u00edquetra, un dise\u00f1o celta antiguo cargado de significado y equilibrio. Es un s\u00edmbolo que habla de unidad, ciclos y conexi\u00f3n, perfecto para jabones con intenci\u00f3n, rituales, herbales o energ\u00e9ticos. No es solo decorativo: es de esos sellos que transmiten algo m\u00e1s cuando lo miras. Ideal para quienes crean jabones [&hellip;]<\/p>\n","protected":false},"featured_media":222,"comment_status":"open","ping_status":"closed","template":"","meta":[],"product_brand":[],"product_cat":[25],"product_tag":[27],"class_list":{"0":"post-221","1":"product","2":"type-product","3":"status-publish","4":"has-post-thumbnail","6":"product_cat-sellos","7":"product_tag-jabones","9":"first","10":"instock","11":"taxable","12":"shipping-taxable","13":"purchasable","14":"product-type-simple"},"jetpack_sharing_enabled":true,"_links":{"self":[{"href":"https:\/\/tienda3d.bio-esencia.net\/index.php\/wp-json\/wp\/v2\/product\/221","targetHints":{"allow":["GET"]}}],"collection":[{"href":"https:\/\/tienda3d.bio-esencia.net\/index.php\/wp-json\/wp\/v2\/product"}],"about":[{"href":"https:\/\/tienda3d.bio-esencia.net\/index.php\/wp-json\/wp\/v2\/types\/product"}],"replies":[{"embeddable":true,"href":"https:\/\/tienda3d.bio-esencia.net\/index.php\/wp-json\/wp\/v2\/comments?post=221"}],"wp:featuredmedia":[{"embeddable":true,"href":"https:\/\/tienda3d.bio-esencia.net\/index.php\/wp-json\/wp\/v2\/media\/222"}],"wp:attachment":[{"href":"https:\/\/tienda3d.bio-esencia.net\/index.php\/wp-json\/wp\/v2\/media?parent=221"}],"wp:term":[{"taxonomy":"product_brand","embeddable":true,"href":"https:\/\/tienda3d.bio-esencia.net\/index.php\/wp-json\/wp\/v2\/product_brand?post=221"},{"taxonomy":"product_cat","embeddable":true,"href":"https:\/\/tienda3d.bio-esencia.net\/index.php\/wp-json\/wp\/v2\/product_cat?post=221"},{"taxonomy":"product_tag","embeddable":true,"href":"https:\/\/tienda3d.bio-esencia.net\/index.php\/wp-json\/wp\/v2\/product_tag?post=221"}],"curies":[{"name":"wp","href":"https:\/\/api.w.org\/{rel}","templated":true}]}}