{"id":225,"date":"2026-01-16T17:52:38","date_gmt":"2026-01-16T17:52:38","guid":{"rendered":"https:\/\/tienda3d.bio-esencia.net\/?post_type=product&#038;p=225"},"modified":"2026-01-19T13:46:11","modified_gmt":"2026-01-19T13:46:11","slug":"sello-trisquel","status":"publish","type":"product","link":"https:\/\/tienda3d.bio-esencia.net\/index.php\/producto\/sello-trisquel\/","title":{"rendered":"Sello \u00abTRISQUEL\u00bb"},"content":{"rendered":"<p data-start=\"771\" data-end=\"874\">Sello con <strong data-start=\"781\" data-end=\"799\">trisquel celta<\/strong>, un s\u00edmbolo que representa movimiento, transformaci\u00f3n y energ\u00eda en marcha.<\/p>\n<p data-start=\"876\" data-end=\"1035\">Es perfecto para jabones que cambian, que evolucionan, que no se quedan en lo de siempre. Jabones hechos desde el proceso, el aprendizaje y la experimentaci\u00f3n.<\/p>\n<p data-start=\"1037\" data-end=\"1202\">Un dise\u00f1o con mucha fuerza visual, que transmite dinamismo y vida. Ideal para jabones artesanos, herbales o con intenci\u00f3n, donde cada pastilla es parte de un camino.<\/p>\n<p data-start=\"1204\" data-end=\"1271\">No es un sello est\u00e1tico. Es para jabones que <strong data-start=\"1249\" data-end=\"1270\">se mueven contigo<\/strong>.<\/p>\n<ul>\n<li data-start=\"2509\" data-end=\"2627\"><strong>El color puede variar *<\/strong><\/li>\n<\/ul>\n<p>&nbsp;<\/p>\n<p data-start=\"2093\" data-end=\"2195\">\n","protected":false},"excerpt":{"rendered":"<p>Sello con trisquel celta, un s\u00edmbolo que representa movimiento, transformaci\u00f3n y energ\u00eda en marcha. Es perfecto para jabones que cambian, que evolucionan, que no se quedan en lo de siempre. Jabones hechos desde el proceso, el aprendizaje y la experimentaci\u00f3n. Un dise\u00f1o con mucha fuerza visual, que transmite dinamismo y vida. Ideal para jabones artesanos, [&hellip;]<\/p>\n","protected":false},"featured_media":226,"comment_status":"open","ping_status":"closed","template":"","meta":[],"product_brand":[],"product_cat":[25],"product_tag":[27],"class_list":{"0":"post-225","1":"product","2":"type-product","3":"status-publish","4":"has-post-thumbnail","6":"product_cat-sellos","7":"product_tag-jabones","9":"first","10":"instock","11":"taxable","12":"shipping-taxable","13":"purchasable","14":"product-type-simple"},"jetpack_sharing_enabled":true,"_links":{"self":[{"href":"https:\/\/tienda3d.bio-esencia.net\/index.php\/wp-json\/wp\/v2\/product\/225","targetHints":{"allow":["GET"]}}],"collection":[{"href":"https:\/\/tienda3d.bio-esencia.net\/index.php\/wp-json\/wp\/v2\/product"}],"about":[{"href":"https:\/\/tienda3d.bio-esencia.net\/index.php\/wp-json\/wp\/v2\/types\/product"}],"replies":[{"embeddable":true,"href":"https:\/\/tienda3d.bio-esencia.net\/index.php\/wp-json\/wp\/v2\/comments?post=225"}],"wp:featuredmedia":[{"embeddable":true,"href":"https:\/\/tienda3d.bio-esencia.net\/index.php\/wp-json\/wp\/v2\/media\/226"}],"wp:attachment":[{"href":"https:\/\/tienda3d.bio-esencia.net\/index.php\/wp-json\/wp\/v2\/media?parent=225"}],"wp:term":[{"taxonomy":"product_brand","embeddable":true,"href":"https:\/\/tienda3d.bio-esencia.net\/index.php\/wp-json\/wp\/v2\/product_brand?post=225"},{"taxonomy":"product_cat","embeddable":true,"href":"https:\/\/tienda3d.bio-esencia.net\/index.php\/wp-json\/wp\/v2\/product_cat?post=225"},{"taxonomy":"product_tag","embeddable":true,"href":"https:\/\/tienda3d.bio-esencia.net\/index.php\/wp-json\/wp\/v2\/product_tag?post=225"}],"curies":[{"name":"wp","href":"https:\/\/api.w.org\/{rel}","templated":true}]}}