{"id":235,"date":"2026-01-16T21:18:26","date_gmt":"2026-01-16T21:18:26","guid":{"rendered":"https:\/\/tienda3d.bio-esencia.net\/?post_type=product&#038;p=235"},"modified":"2026-01-19T13:43:33","modified_gmt":"2026-01-19T13:43:33","slug":"sello-personalizados","status":"publish","type":"product","link":"https:\/\/tienda3d.bio-esencia.net\/index.php\/producto\/sello-personalizados\/","title":{"rendered":"Sello personalizado"},"content":{"rendered":"<p data-start=\"267\" data-end=\"501\">Cada sello que dise\u00f1o nace de una idea, una historia o un ingrediente que quieres dejar impreso en tus jabones o creaciones.<br data-start=\"391\" data-end=\"394\" \/>No son dise\u00f1os gen\u00e9ricos: son piezas pensadas para <strong data-start=\"445\" data-end=\"470\">acompa\u00f1ar tu proyecto<\/strong>, tu marca o tu forma de crear.<\/p>\n<p data-start=\"503\" data-end=\"544\">Aqu\u00ed puedes elegir c\u00f3mo quieres tu sello:<\/p>\n<p data-start=\"546\" data-end=\"748\"><strong data-start=\"546\" data-end=\"584\">\u2728 Sello personalizado no exclusivo<\/strong><br data-start=\"584\" data-end=\"587\" \/>Dise\u00f1ado especialmente para ti, adaptado a tu idea, palabra o s\u00edmbolo.<br data-start=\"657\" data-end=\"660\" \/>El dise\u00f1o podr\u00e1 volver a utilizarse o reinterpretarse en el futuro para otros proyectos.<\/p>\n<p data-start=\"750\" data-end=\"994\"><strong data-start=\"750\" data-end=\"786\">\ud83c\udf3f Sello personalizado exclusivo<\/strong><br data-start=\"786\" data-end=\"789\" \/>Una pieza \u00fanica.<br data-start=\"805\" data-end=\"808\" \/>Ese dise\u00f1o ser\u00e1 solo tuyo y no volver\u00e1 a ponerse a la venta ni a reproducirse para nadie m\u00e1s.<br data-start=\"901\" data-end=\"904\" \/>Es una forma de proteger tu identidad creativa y dejar una huella verdaderamente personal.<\/p>\n<hr data-start=\"996\" data-end=\"999\" \/>\n<h3 data-start=\"1001\" data-end=\"1020\">\u00bfC\u00f3mo funciona?<\/h3>\n<ol data-start=\"1022\" data-end=\"1259\">\n<li data-start=\"1022\" data-end=\"1093\">\n<p data-start=\"1025\" data-end=\"1093\">Rellena el formulario con tu idea, palabra, s\u00edmbolo o inspiraci\u00f3n.<\/p>\n<\/li>\n<li data-start=\"1151\" data-end=\"1259\">\n<p data-start=\"1154\" data-end=\"1259\">Revisar\u00e9 tu propuesta y me pondr\u00e9 en contacto contigo para confirmar viabilidad, detalles y precio final.<\/p>\n<\/li>\n<\/ol>\n<p data-start=\"1261\" data-end=\"1398\">Cada encargo se estudia con calma y respeto, porque un sello no es solo una herramienta:<br data-start=\"1349\" data-end=\"1352\" \/>es <strong data-start=\"1355\" data-end=\"1397\">la firma de lo que haces con tus manos<\/strong>.<\/p>\n<p data-start=\"1261\" data-end=\"1398\"><a href=\"http:\/\/Cada sello que dise\u00f1o nace de una idea, una historia o un ingrediente que quieres dejar impreso en tus jabones o creaciones. No son dise\u00f1os gen\u00e9ricos: son piezas pensadas para acompa\u00f1ar tu proyecto, tu marca o tu forma de crear. Aqu\u00ed puedes elegir c\u00f3mo quieres tu sello: \u2728 Sello personalizado no exclusivo Dise\u00f1ado especialmente para ti, adaptado a tu idea, palabra o s\u00edmbolo. El dise\u00f1o podr\u00e1 volver a utilizarse o reinterpretarse en el futuro para otros proyectos. \ud83c\udf3f Sello personalizado exclusivo Una pieza \u00fanica. Ese dise\u00f1o ser\u00e1 solo tuyo y no volver\u00e1 a ponerse a la venta ni a reproducirse para nadie m\u00e1s. Es una forma de proteger tu identidad creativa y dejar una huella verdaderamente personal. \u00bfC\u00f3mo funciona? Rellena el formulario con tu idea, palabra, s\u00edmbolo o inspiraci\u00f3n. Indica si deseas un sello exclusivo o no exclusivo. Revisar\u00e9 tu propuesta y me pondr\u00e9 en contacto contigo para confirmar viabilidad, detalles y precio final. Cada encargo se estudia con calma y respeto, porque un sello no es solo una herramienta: es la firma de lo que haces con tus manos.\">PINCHA AQUI PARA EL FORMULARIO<\/a><\/p>\n<ul>\n<li data-start=\"2509\" data-end=\"2627\"><strong>El color puede variar *<\/strong><\/li>\n<\/ul>\n<p data-start=\"2093\" data-end=\"2195\">\n","protected":false},"excerpt":{"rendered":"<p>Cada sello que dise\u00f1o nace de una idea, una historia o un ingrediente que quieres dejar impreso en tus jabones o creaciones.No son dise\u00f1os gen\u00e9ricos: son piezas pensadas para acompa\u00f1ar tu proyecto, tu marca o tu forma de crear. Aqu\u00ed puedes elegir c\u00f3mo quieres tu sello: \u2728 Sello personalizado no exclusivoDise\u00f1ado especialmente para ti, adaptado [&hellip;]<\/p>\n","protected":false},"featured_media":236,"comment_status":"open","ping_status":"closed","template":"","meta":[],"product_brand":[],"product_cat":[30,25],"product_tag":[27],"class_list":{"0":"post-235","1":"product","2":"type-product","3":"status-publish","4":"has-post-thumbnail","6":"product_cat-personalizable","7":"product_cat-sellos","8":"product_tag-jabones","10":"first","11":"instock","12":"taxable","13":"shipping-taxable","14":"product-type-simple"},"jetpack_sharing_enabled":true,"_links":{"self":[{"href":"https:\/\/tienda3d.bio-esencia.net\/index.php\/wp-json\/wp\/v2\/product\/235","targetHints":{"allow":["GET"]}}],"collection":[{"href":"https:\/\/tienda3d.bio-esencia.net\/index.php\/wp-json\/wp\/v2\/product"}],"about":[{"href":"https:\/\/tienda3d.bio-esencia.net\/index.php\/wp-json\/wp\/v2\/types\/product"}],"replies":[{"embeddable":true,"href":"https:\/\/tienda3d.bio-esencia.net\/index.php\/wp-json\/wp\/v2\/comments?post=235"}],"wp:featuredmedia":[{"embeddable":true,"href":"https:\/\/tienda3d.bio-esencia.net\/index.php\/wp-json\/wp\/v2\/media\/236"}],"wp:attachment":[{"href":"https:\/\/tienda3d.bio-esencia.net\/index.php\/wp-json\/wp\/v2\/media?parent=235"}],"wp:term":[{"taxonomy":"product_brand","embeddable":true,"href":"https:\/\/tienda3d.bio-esencia.net\/index.php\/wp-json\/wp\/v2\/product_brand?post=235"},{"taxonomy":"product_cat","embeddable":true,"href":"https:\/\/tienda3d.bio-esencia.net\/index.php\/wp-json\/wp\/v2\/product_cat?post=235"},{"taxonomy":"product_tag","embeddable":true,"href":"https:\/\/tienda3d.bio-esencia.net\/index.php\/wp-json\/wp\/v2\/product_tag?post=235"}],"curies":[{"name":"wp","href":"https:\/\/api.w.org\/{rel}","templated":true}]}}