{"id":245,"date":"2026-01-18T19:17:31","date_gmt":"2026-01-18T19:17:31","guid":{"rendered":"https:\/\/tienda3d.bio-esencia.net\/?post_type=product&#038;p=245"},"modified":"2026-03-03T16:36:01","modified_gmt":"2026-03-03T16:36:01","slug":"separadores-lisos-para-molde-de-jabon","status":"publish","type":"product","link":"https:\/\/tienda3d.bio-esencia.net\/index.php\/producto\/separadores-lisos-para-molde-de-jabon\/","title":{"rendered":"Separadores \u00abLISOS\u00bb para molde de jab\u00f3n"},"content":{"rendered":"<p data-start=\"153\" data-end=\"194\">Para dise\u00f1os, firulillos y swirl sin l\u00edos, a medida junto con tu molde. Especifica tu modelo en el formulario si est\u00e1s interesada.<\/p>\n<p data-start=\"196\" data-end=\"310\">Separadores lisos pensados para usar dentro del molde y <strong data-start=\"252\" data-end=\"285\">jugar con el dise\u00f1o del jab\u00f3n<\/strong> sin complicarte la vida.<\/p>\n<p data-start=\"312\" data-end=\"494\">Van genial para hacer <strong data-start=\"334\" data-end=\"392\">swirl, firulillos, capas limpias o separaciones rectas<\/strong>, manteniendo el control del vertido y del dibujo. Los colocas, viertes, retiras\u2026 y a jugar con el palillo.<\/p>\n<p data-start=\"496\" data-end=\"621\">Son sencillos, pero muy efectivos. De esos accesorios que no llaman la atenci\u00f3n hasta que los usas y dices: <em data-start=\"604\" data-end=\"620\">vale, ahora s\u00ed<\/em>.<\/p>\n<p data-start=\"623\" data-end=\"730\">Ideales para experimentar, probar combinaciones y llevar tus jabones un paso m\u00e1s all\u00e1 sin cambiar de molde.<\/p>\n<p data-start=\"633\" data-end=\"743\"><strong>*El color puede variar*<\/strong><\/p>\n<p data-start=\"633\" data-end=\"743\"><strong>*NO APTO PARA LAVAVAJILLAS*<\/strong><\/p>\n<p data-start=\"2093\" data-end=\"2195\">\n","protected":false},"excerpt":{"rendered":"<p>Para dise\u00f1os, firulillos y swirl sin l\u00edos, a medida junto con tu molde. Especifica tu modelo en el formulario si est\u00e1s interesada. Separadores lisos pensados para usar dentro del molde y jugar con el dise\u00f1o del jab\u00f3n sin complicarte la vida. Van genial para hacer swirl, firulillos, capas limpias o separaciones rectas, manteniendo el control [&hellip;]<\/p>\n","protected":false},"featured_media":363,"comment_status":"open","ping_status":"closed","template":"","meta":[],"product_brand":[],"product_cat":[26],"product_tag":[27,31],"class_list":{"0":"post-245","1":"product","2":"type-product","3":"status-publish","4":"has-post-thumbnail","6":"product_cat-moldes","7":"product_tag-jabones","8":"product_tag-separadores","10":"first","11":"instock","12":"taxable","13":"shipping-taxable","14":"product-type-simple"},"jetpack_sharing_enabled":true,"_links":{"self":[{"href":"https:\/\/tienda3d.bio-esencia.net\/index.php\/wp-json\/wp\/v2\/product\/245","targetHints":{"allow":["GET"]}}],"collection":[{"href":"https:\/\/tienda3d.bio-esencia.net\/index.php\/wp-json\/wp\/v2\/product"}],"about":[{"href":"https:\/\/tienda3d.bio-esencia.net\/index.php\/wp-json\/wp\/v2\/types\/product"}],"replies":[{"embeddable":true,"href":"https:\/\/tienda3d.bio-esencia.net\/index.php\/wp-json\/wp\/v2\/comments?post=245"}],"wp:featuredmedia":[{"embeddable":true,"href":"https:\/\/tienda3d.bio-esencia.net\/index.php\/wp-json\/wp\/v2\/media\/363"}],"wp:attachment":[{"href":"https:\/\/tienda3d.bio-esencia.net\/index.php\/wp-json\/wp\/v2\/media?parent=245"}],"wp:term":[{"taxonomy":"product_brand","embeddable":true,"href":"https:\/\/tienda3d.bio-esencia.net\/index.php\/wp-json\/wp\/v2\/product_brand?post=245"},{"taxonomy":"product_cat","embeddable":true,"href":"https:\/\/tienda3d.bio-esencia.net\/index.php\/wp-json\/wp\/v2\/product_cat?post=245"},{"taxonomy":"product_tag","embeddable":true,"href":"https:\/\/tienda3d.bio-esencia.net\/index.php\/wp-json\/wp\/v2\/product_tag?post=245"}],"curies":[{"name":"wp","href":"https:\/\/api.w.org\/{rel}","templated":true}]}}