{"id":248,"date":"2026-01-18T19:21:15","date_gmt":"2026-01-18T19:21:15","guid":{"rendered":"https:\/\/tienda3d.bio-esencia.net\/?post_type=product&#038;p=248"},"modified":"2026-03-03T16:37:34","modified_gmt":"2026-03-03T16:37:34","slug":"2-separadores-ondas-para-molde-de-jabon","status":"publish","type":"product","link":"https:\/\/tienda3d.bio-esencia.net\/index.php\/producto\/2-separadores-ondas-para-molde-de-jabon\/","title":{"rendered":"Separadores \u00abONDAS\u00bb para molde de jab\u00f3n"},"content":{"rendered":"<p data-start=\"131\" data-end=\"185\">Para elevar tu creatividad y dejar que el dise\u00f1o fluya<\/p>\n<p data-start=\"187\" data-end=\"305\">Estos separadores de ondas est\u00e1n pensados para <strong data-start=\"234\" data-end=\"255\">romper la rigidez<\/strong> y dar movimiento al jab\u00f3n desde dentro del molde.<\/p>\n<p data-start=\"307\" data-end=\"550\">Con ellos puedes crear <strong data-start=\"330\" data-end=\"400\">swirl org\u00e1nicos, curvas suaves, efectos de ola y dibujos m\u00e1s vivos<\/strong>, sin necesidad de t\u00e9cnicas complicadas ni herramientas extra. Colocas el separador, viertes, juegas con los colores\u2026 y al retirarlo aparece la magia.<\/p>\n<p data-start=\"552\" data-end=\"723\">Son perfectos para quien ya domina lo b\u00e1sico y quiere ir un paso m\u00e1s all\u00e1, pero tambi\u00e9n para quien disfruta <strong data-start=\"660\" data-end=\"689\">experimentando sin normas<\/strong>, dejando que el jab\u00f3n se exprese.<\/p>\n<p data-start=\"725\" data-end=\"768\">No hacen el trabajo por ti.<br data-start=\"752\" data-end=\"755\" \/>Lo acompa\u00f1an.<\/p>\n<p data-start=\"725\" data-end=\"768\">Si est\u00e1s interesada, especifica el modelo en el formulario del molde de jab\u00f3n.<\/p>\n<p data-start=\"633\" data-end=\"743\"><strong>*El color puede variar*<\/strong><\/p>\n<p data-start=\"633\" data-end=\"743\"><strong>*NO APTO PARA LAVAVAJILLAS*<\/strong><\/p>\n","protected":false},"excerpt":{"rendered":"<p>Para elevar tu creatividad y dejar que el dise\u00f1o fluya Estos separadores de ondas est\u00e1n pensados para romper la rigidez y dar movimiento al jab\u00f3n desde dentro del molde. Con ellos puedes crear swirl org\u00e1nicos, curvas suaves, efectos de ola y dibujos m\u00e1s vivos, sin necesidad de t\u00e9cnicas complicadas ni herramientas extra. Colocas el separador, [&hellip;]<\/p>\n","protected":false},"featured_media":365,"comment_status":"open","ping_status":"closed","template":"","meta":[],"product_brand":[],"product_cat":[26],"product_tag":[27,31],"class_list":{"0":"post-248","1":"product","2":"type-product","3":"status-publish","4":"has-post-thumbnail","6":"product_cat-moldes","7":"product_tag-jabones","8":"product_tag-separadores","10":"first","11":"instock","12":"taxable","13":"shipping-taxable","14":"product-type-simple"},"jetpack_sharing_enabled":true,"_links":{"self":[{"href":"https:\/\/tienda3d.bio-esencia.net\/index.php\/wp-json\/wp\/v2\/product\/248","targetHints":{"allow":["GET"]}}],"collection":[{"href":"https:\/\/tienda3d.bio-esencia.net\/index.php\/wp-json\/wp\/v2\/product"}],"about":[{"href":"https:\/\/tienda3d.bio-esencia.net\/index.php\/wp-json\/wp\/v2\/types\/product"}],"replies":[{"embeddable":true,"href":"https:\/\/tienda3d.bio-esencia.net\/index.php\/wp-json\/wp\/v2\/comments?post=248"}],"wp:featuredmedia":[{"embeddable":true,"href":"https:\/\/tienda3d.bio-esencia.net\/index.php\/wp-json\/wp\/v2\/media\/365"}],"wp:attachment":[{"href":"https:\/\/tienda3d.bio-esencia.net\/index.php\/wp-json\/wp\/v2\/media?parent=248"}],"wp:term":[{"taxonomy":"product_brand","embeddable":true,"href":"https:\/\/tienda3d.bio-esencia.net\/index.php\/wp-json\/wp\/v2\/product_brand?post=248"},{"taxonomy":"product_cat","embeddable":true,"href":"https:\/\/tienda3d.bio-esencia.net\/index.php\/wp-json\/wp\/v2\/product_cat?post=248"},{"taxonomy":"product_tag","embeddable":true,"href":"https:\/\/tienda3d.bio-esencia.net\/index.php\/wp-json\/wp\/v2\/product_tag?post=248"}],"curies":[{"name":"wp","href":"https:\/\/api.w.org\/{rel}","templated":true}]}}