{"id":300,"date":"2026-01-28T19:15:56","date_gmt":"2026-01-28T19:15:56","guid":{"rendered":"https:\/\/tienda3d.bio-esencia.net\/?post_type=product&#038;p=300"},"modified":"2026-03-10T13:07:00","modified_gmt":"2026-03-10T13:07:00","slug":"topes-ajustables","status":"publish","type":"product","link":"https:\/\/tienda3d.bio-esencia.net\/index.php\/producto\/topes-ajustables\/","title":{"rendered":"Topes ajustables"},"content":{"rendered":"<p data-start=\"173\" data-end=\"351\">Estos topes est\u00e1n pensados para <strong data-start=\"205\" data-end=\"239\">adaptar el n\u00famero de pastillas<\/strong> dentro del molde de 6, permiti\u00e9ndote decidir cu\u00e1ntas quieres hacer en cada tanda sin cambiar de molde completo.<\/p>\n<p data-start=\"353\" data-end=\"548\">Se colocan f\u00e1cilmente y te dan <strong data-start=\"384\" data-end=\"405\">flexibilidad real<\/strong> en la producci\u00f3n: puedes trabajar con 2, 3, 4, 5 o 6 pastillas seg\u00fan lo que necesites en cada momento, ajustando el espacio de forma sencilla.<\/p>\n<p data-start=\"550\" data-end=\"659\">Son ideales para optimizar material, probar nuevas f\u00f3rmulas o adaptarte a pedidos diferentes sin complicarte.<\/p>\n<p data-start=\"661\" data-end=\"761\" data-is-last-node=\"\" data-is-only-node=\"\">Un complemento pr\u00e1ctico para sacar m\u00e1s partido a tu molde y trabajar de forma m\u00e1s c\u00f3moda y vers\u00e1til.<\/p>\n<p data-start=\"661\" data-end=\"761\" data-is-last-node=\"\" data-is-only-node=\"\">P\u00eddelos en el formulario.<\/p>\n<p data-start=\"633\" data-end=\"743\"><strong>*El color puede variar*<\/strong><\/p>\n<p data-start=\"633\" data-end=\"743\"><strong>*NO APTO PARA LAVAVAJILLAS*<\/strong><\/p>\n<p data-start=\"633\" data-end=\"743\"><strong>Nota: Los moldes de color pierden intensidad con el uso por el contacto con la sosa c\u00e1ustica. Es algo normal y solo afecta al color, no a su funcionamiento.<\/strong><\/p>\n","protected":false},"excerpt":{"rendered":"<p>Estos topes est\u00e1n pensados para adaptar el n\u00famero de pastillas dentro del molde de 6, permiti\u00e9ndote decidir cu\u00e1ntas quieres hacer en cada tanda sin cambiar de molde completo. Se colocan f\u00e1cilmente y te dan flexibilidad real en la producci\u00f3n: puedes trabajar con 2, 3, 4, 5 o 6 pastillas seg\u00fan lo que necesites en cada [&hellip;]<\/p>\n","protected":false},"featured_media":298,"comment_status":"open","ping_status":"closed","template":"","meta":[],"product_brand":[],"product_cat":[26],"product_tag":[27],"class_list":{"0":"post-300","1":"product","2":"type-product","3":"status-publish","4":"has-post-thumbnail","6":"product_cat-moldes","7":"product_tag-jabones","9":"first","10":"instock","11":"taxable","12":"shipping-taxable","13":"product-type-simple"},"jetpack_sharing_enabled":true,"_links":{"self":[{"href":"https:\/\/tienda3d.bio-esencia.net\/index.php\/wp-json\/wp\/v2\/product\/300","targetHints":{"allow":["GET"]}}],"collection":[{"href":"https:\/\/tienda3d.bio-esencia.net\/index.php\/wp-json\/wp\/v2\/product"}],"about":[{"href":"https:\/\/tienda3d.bio-esencia.net\/index.php\/wp-json\/wp\/v2\/types\/product"}],"replies":[{"embeddable":true,"href":"https:\/\/tienda3d.bio-esencia.net\/index.php\/wp-json\/wp\/v2\/comments?post=300"}],"wp:featuredmedia":[{"embeddable":true,"href":"https:\/\/tienda3d.bio-esencia.net\/index.php\/wp-json\/wp\/v2\/media\/298"}],"wp:attachment":[{"href":"https:\/\/tienda3d.bio-esencia.net\/index.php\/wp-json\/wp\/v2\/media?parent=300"}],"wp:term":[{"taxonomy":"product_brand","embeddable":true,"href":"https:\/\/tienda3d.bio-esencia.net\/index.php\/wp-json\/wp\/v2\/product_brand?post=300"},{"taxonomy":"product_cat","embeddable":true,"href":"https:\/\/tienda3d.bio-esencia.net\/index.php\/wp-json\/wp\/v2\/product_cat?post=300"},{"taxonomy":"product_tag","embeddable":true,"href":"https:\/\/tienda3d.bio-esencia.net\/index.php\/wp-json\/wp\/v2\/product_tag?post=300"}],"curies":[{"name":"wp","href":"https:\/\/api.w.org\/{rel}","templated":true}]}}