{"id":302,"date":"2026-01-31T22:59:46","date_gmt":"2026-01-31T22:59:46","guid":{"rendered":"https:\/\/tienda3d.bio-esencia.net\/?post_type=product&#038;p=302"},"modified":"2026-03-10T13:03:22","modified_gmt":"2026-03-10T13:03:22","slug":"molde-redondo-estandar-para-jabon","status":"publish","type":"product","link":"https:\/\/tienda3d.bio-esencia.net\/index.php\/producto\/molde-redondo-estandar-para-jabon\/","title":{"rendered":"Molde redondo est\u00e1ndar para jab\u00f3n"},"content":{"rendered":"<p data-start=\"80\" data-end=\"248\">Con este molde puedes <strong data-start=\"102\" data-end=\"141\">elaborar jabones redondos sencillos<\/strong>, perfectos para un acabado limpio y elegante, pero tambi\u00e9n es ideal para <strong data-start=\"215\" data-end=\"247\">jugar con t\u00e9cnicas creativas<\/strong>.<\/p>\n<p data-start=\"80\" data-end=\"248\">Fuerte y robusto para evitar que se deforme con el calor del jab\u00f3n saponificado.<\/p>\n<p data-start=\"80\" data-end=\"248\">Para 4 pastillas de \u00d8 7 cm x 2,5 cm de grosor (400g aprox.)<\/p>\n<p data-start=\"250\" data-end=\"405\">Funciona genial para:<br data-start=\"271\" data-end=\"274\" \/>\u2013 T\u00e9cnica del embudo (funnel swirl)<br data-start=\"309\" data-end=\"312\" \/>\u2013 Spin swirl con accesorios<br data-start=\"339\" data-end=\"342\" \/>\u2013 Capas circulares<br data-start=\"360\" data-end=\"363\" data-is-only-node=\"\" \/>\u2013 Efectos marmoleados y remolinos suaves<\/p>\n<p data-start=\"407\" data-end=\"544\">Al ser redondo, cualquier movimiento de la traza se convierte en dise\u00f1o.<br data-start=\"479\" data-end=\"482\" \/>Es un molde que invita a experimentar sin complicarte la vida.<\/p>\n<p data-start=\"546\" data-end=\"613\" data-is-last-node=\"\" data-is-only-node=\"\">De los que te hacen disfrutar el proceso tanto como el resultado \ud83c\udf3f<\/p>\n<p data-start=\"546\" data-end=\"613\" data-is-last-node=\"\" data-is-only-node=\"\"><strong>Incluye 1 a\u00f1o de garant\u00eda<\/strong><\/p>\n<p data-start=\"633\" data-end=\"743\"><strong>*El color puede variar*<\/strong><\/p>\n<p data-start=\"633\" data-end=\"743\"><strong>*NO APTO PARA LAVAVAJILLAS*<\/strong><\/p>\n<p data-start=\"633\" data-end=\"743\"><strong>Nota: Los moldes de color pierden intensidad con el uso por el contacto con la sosa c\u00e1ustica. Es algo normal y solo afecta al color, no a su funcionamiento.<\/strong><\/p>\n","protected":false},"excerpt":{"rendered":"<p>Con este molde puedes elaborar jabones redondos sencillos, perfectos para un acabado limpio y elegante, pero tambi\u00e9n es ideal para jugar con t\u00e9cnicas creativas. Fuerte y robusto para evitar que se deforme con el calor del jab\u00f3n saponificado. Para 4 pastillas de \u00d8 7 cm x 2,5 cm de grosor (400g aprox.) Funciona genial para:\u2013 [&hellip;]<\/p>\n","protected":false},"featured_media":327,"comment_status":"open","ping_status":"closed","template":"","meta":[],"product_brand":[],"product_cat":[26],"product_tag":[27],"class_list":{"0":"post-302","1":"product","2":"type-product","3":"status-publish","4":"has-post-thumbnail","6":"product_cat-moldes","7":"product_tag-jabones","9":"first","10":"instock","11":"taxable","12":"shipping-taxable","13":"purchasable","14":"product-type-simple"},"jetpack_sharing_enabled":true,"_links":{"self":[{"href":"https:\/\/tienda3d.bio-esencia.net\/index.php\/wp-json\/wp\/v2\/product\/302","targetHints":{"allow":["GET"]}}],"collection":[{"href":"https:\/\/tienda3d.bio-esencia.net\/index.php\/wp-json\/wp\/v2\/product"}],"about":[{"href":"https:\/\/tienda3d.bio-esencia.net\/index.php\/wp-json\/wp\/v2\/types\/product"}],"replies":[{"embeddable":true,"href":"https:\/\/tienda3d.bio-esencia.net\/index.php\/wp-json\/wp\/v2\/comments?post=302"}],"wp:featuredmedia":[{"embeddable":true,"href":"https:\/\/tienda3d.bio-esencia.net\/index.php\/wp-json\/wp\/v2\/media\/327"}],"wp:attachment":[{"href":"https:\/\/tienda3d.bio-esencia.net\/index.php\/wp-json\/wp\/v2\/media?parent=302"}],"wp:term":[{"taxonomy":"product_brand","embeddable":true,"href":"https:\/\/tienda3d.bio-esencia.net\/index.php\/wp-json\/wp\/v2\/product_brand?post=302"},{"taxonomy":"product_cat","embeddable":true,"href":"https:\/\/tienda3d.bio-esencia.net\/index.php\/wp-json\/wp\/v2\/product_cat?post=302"},{"taxonomy":"product_tag","embeddable":true,"href":"https:\/\/tienda3d.bio-esencia.net\/index.php\/wp-json\/wp\/v2\/product_tag?post=302"}],"curies":[{"name":"wp","href":"https:\/\/api.w.org\/{rel}","templated":true}]}}