{"id":310,"date":"2026-02-01T12:19:56","date_gmt":"2026-02-01T12:19:56","guid":{"rendered":"https:\/\/tienda3d.bio-esencia.net\/?post_type=product&#038;p=310"},"modified":"2026-03-10T13:01:24","modified_gmt":"2026-03-10T13:01:24","slug":"molde-redondo-con-separadores","status":"publish","type":"product","link":"https:\/\/tienda3d.bio-esencia.net\/index.php\/producto\/molde-redondo-con-separadores\/","title":{"rendered":"Molde redondo con separadores lisos"},"content":{"rendered":"<p data-start=\"140\" data-end=\"194\">Para crear movimiento, espirales y efectos hipn\u00f3ticos.<\/p>\n<p data-start=\"196\" data-end=\"364\">Este molde redondo con separadores est\u00e1 dise\u00f1ado espec\u00edficamente para trabajar la <strong data-start=\"278\" data-end=\"300\">t\u00e9cnica Spin Swirl<\/strong>, una de las m\u00e1s visuales y espectaculares en jaboner\u00eda en fr\u00edo.<\/p>\n<p data-start=\"366\" data-end=\"568\">Los separadores encajan en cruz dentro del molde, dividiendo el espacio en secciones para que puedas verter distintos colores y, al girar, se creen <strong data-start=\"514\" data-end=\"567\">remolinos, espirales y patrones circulares \u00fanicos<\/strong>.<\/p>\n<p data-start=\"570\" data-end=\"623\">Cada jab\u00f3n sale diferente. Y justo ah\u00ed est\u00e1 la magia.<\/p>\n<h3 data-start=\"625\" data-end=\"645\">Caracter\u00edsticas:<\/h3>\n<p data-start=\"646\" data-end=\"826\">\u2013 Molde redondo para <strong data-start=\"667\" data-end=\"682\">4 pastillas<\/strong><br data-start=\"682\" data-end=\"685\" \/>\u2013 Di\u00e1metro de cada pastilla: <strong data-start=\"714\" data-end=\"722\">7 cm<\/strong><br data-start=\"722\" data-end=\"725\" \/>\u2013 Grosor aproximado: <strong data-start=\"746\" data-end=\"756\">2,5 cm, unos 400g aprox.<\/strong><br data-start=\"756\" data-end=\"759\" \/>\u2013 Separadores en cruz incluidos<br data-start=\"790\" data-end=\"793\" \/>\u2013 Encaje perfecto, sin holguras<\/p>\n<h3 data-start=\"828\" data-end=\"846\">Perfecto para:<\/h3>\n<p data-start=\"847\" data-end=\"965\">\u2013 Spin swirl<br data-start=\"859\" data-end=\"862\" \/>\u2013 Dise\u00f1os en espiral<br data-start=\"882\" data-end=\"885\" \/>\u2013 Efectos psicod\u00e9licos<br data-start=\"907\" data-end=\"910\" \/>\u2013 Combinaciones de color din\u00e1micas<br data-start=\"944\" data-end=\"947\" \/>\u2013 Jabones de autor<\/p>\n<p data-start=\"967\" data-end=\"1069\" data-is-last-node=\"\" data-is-only-node=\"\">Es un molde que convierte el gesto de girar en dise\u00f1o.<br data-start=\"1021\" data-end=\"1024\" \/>T\u00fa marcas el ritmo\u2026 el jab\u00f3n hace el resto \ud83c\udf00<\/p>\n<p data-start=\"633\" data-end=\"743\"><strong>*El color puede variar*<\/strong><\/p>\n<p data-start=\"633\" data-end=\"743\"><strong>*NO APTO PARA LAVAVAJILLAS*<\/strong><\/p>\n<p data-start=\"633\" data-end=\"743\"><strong>Nota: Los moldes de color pierden intensidad con el uso por el contacto con la sosa c\u00e1ustica. Es algo normal y solo afecta al color, no a su funcionamiento.<\/strong><\/p>\n","protected":false},"excerpt":{"rendered":"<p>Para crear movimiento, espirales y efectos hipn\u00f3ticos. Este molde redondo con separadores est\u00e1 dise\u00f1ado espec\u00edficamente para trabajar la t\u00e9cnica Spin Swirl, una de las m\u00e1s visuales y espectaculares en jaboner\u00eda en fr\u00edo. Los separadores encajan en cruz dentro del molde, dividiendo el espacio en secciones para que puedas verter distintos colores y, al girar, se [&hellip;]<\/p>\n","protected":false},"featured_media":331,"comment_status":"open","ping_status":"closed","template":"","meta":[],"product_brand":[],"product_cat":[26],"product_tag":[27,31],"class_list":{"0":"post-310","1":"product","2":"type-product","3":"status-publish","4":"has-post-thumbnail","6":"product_cat-moldes","7":"product_tag-jabones","8":"product_tag-separadores","10":"first","11":"instock","12":"taxable","13":"shipping-taxable","14":"purchasable","15":"product-type-simple"},"jetpack_sharing_enabled":true,"_links":{"self":[{"href":"https:\/\/tienda3d.bio-esencia.net\/index.php\/wp-json\/wp\/v2\/product\/310","targetHints":{"allow":["GET"]}}],"collection":[{"href":"https:\/\/tienda3d.bio-esencia.net\/index.php\/wp-json\/wp\/v2\/product"}],"about":[{"href":"https:\/\/tienda3d.bio-esencia.net\/index.php\/wp-json\/wp\/v2\/types\/product"}],"replies":[{"embeddable":true,"href":"https:\/\/tienda3d.bio-esencia.net\/index.php\/wp-json\/wp\/v2\/comments?post=310"}],"wp:featuredmedia":[{"embeddable":true,"href":"https:\/\/tienda3d.bio-esencia.net\/index.php\/wp-json\/wp\/v2\/media\/331"}],"wp:attachment":[{"href":"https:\/\/tienda3d.bio-esencia.net\/index.php\/wp-json\/wp\/v2\/media?parent=310"}],"wp:term":[{"taxonomy":"product_brand","embeddable":true,"href":"https:\/\/tienda3d.bio-esencia.net\/index.php\/wp-json\/wp\/v2\/product_brand?post=310"},{"taxonomy":"product_cat","embeddable":true,"href":"https:\/\/tienda3d.bio-esencia.net\/index.php\/wp-json\/wp\/v2\/product_cat?post=310"},{"taxonomy":"product_tag","embeddable":true,"href":"https:\/\/tienda3d.bio-esencia.net\/index.php\/wp-json\/wp\/v2\/product_tag?post=310"}],"curies":[{"name":"wp","href":"https:\/\/api.w.org\/{rel}","templated":true}]}}