{"id":336,"date":"2026-02-06T18:04:04","date_gmt":"2026-02-06T18:04:04","guid":{"rendered":"https:\/\/tienda3d.bio-esencia.net\/?post_type=product&#038;p=336"},"modified":"2026-03-10T13:05:35","modified_gmt":"2026-03-10T13:05:35","slug":"molde-rectangular-tecnica-de-la-columna","status":"publish","type":"product","link":"https:\/\/tienda3d.bio-esencia.net\/index.php\/producto\/molde-rectangular-tecnica-de-la-columna\/","title":{"rendered":"Molde rectangular &#8211; T\u00e9cnica de la columna"},"content":{"rendered":"<p data-start=\"46\" data-end=\"257\">Una variante sencilla y limpia de la t\u00e9cnica de la columna: el embudo.<br data-start=\"116\" data-end=\"119\" \/>Con \u00e9l puedes lograr el mismo efecto visual, pero con un vertido m\u00e1s controlado y sin ese hueco tan marcado que suele quedar en el centro.<\/p>\n<p data-start=\"259\" data-end=\"434\">Est\u00e1 pensado para que trabajes con comodidad, manteniendo el dise\u00f1o centrado y los colores mejor definidos, incluso cuando utilizas varias jarras o trazas a distinta densidad.<\/p>\n<p data-start=\"436\" data-end=\"586\">Puedes solicitar esta herramienta <strong data-start=\"470\" data-end=\"516\">junto a tu molde rectangular personalizado<\/strong>, para ampliar tus posibilidades creativas sin complicarte el proceso.<\/p>\n<p data-start=\"633\" data-end=\"743\"><strong>*El color puede variar*<\/strong><\/p>\n<p data-start=\"633\" data-end=\"743\"><strong>*NO APTO PARA LAVAVAJILLAS*<\/strong><\/p>\n<p data-start=\"633\" data-end=\"743\"><strong>Nota: Los moldes de color pierden intensidad con el uso por el contacto con la sosa c\u00e1ustica. Es algo normal y solo afecta al color, no a su funcionamiento.<\/strong><\/p>\n","protected":false},"excerpt":{"rendered":"<p>Una variante sencilla y limpia de la t\u00e9cnica de la columna: el embudo.Con \u00e9l puedes lograr el mismo efecto visual, pero con un vertido m\u00e1s controlado y sin ese hueco tan marcado que suele quedar en el centro. Est\u00e1 pensado para que trabajes con comodidad, manteniendo el dise\u00f1o centrado y los colores mejor definidos, incluso [&hellip;]<\/p>\n","protected":false},"featured_media":337,"comment_status":"open","ping_status":"closed","template":"","meta":[],"product_brand":[],"product_cat":[26,30],"product_tag":[27],"class_list":{"0":"post-336","1":"product","2":"type-product","3":"status-publish","4":"has-post-thumbnail","6":"product_cat-moldes","7":"product_cat-personalizable","8":"product_tag-jabones","10":"first","11":"instock","12":"taxable","13":"shipping-taxable","14":"product-type-simple"},"jetpack_sharing_enabled":true,"_links":{"self":[{"href":"https:\/\/tienda3d.bio-esencia.net\/index.php\/wp-json\/wp\/v2\/product\/336","targetHints":{"allow":["GET"]}}],"collection":[{"href":"https:\/\/tienda3d.bio-esencia.net\/index.php\/wp-json\/wp\/v2\/product"}],"about":[{"href":"https:\/\/tienda3d.bio-esencia.net\/index.php\/wp-json\/wp\/v2\/types\/product"}],"replies":[{"embeddable":true,"href":"https:\/\/tienda3d.bio-esencia.net\/index.php\/wp-json\/wp\/v2\/comments?post=336"}],"wp:featuredmedia":[{"embeddable":true,"href":"https:\/\/tienda3d.bio-esencia.net\/index.php\/wp-json\/wp\/v2\/media\/337"}],"wp:attachment":[{"href":"https:\/\/tienda3d.bio-esencia.net\/index.php\/wp-json\/wp\/v2\/media?parent=336"}],"wp:term":[{"taxonomy":"product_brand","embeddable":true,"href":"https:\/\/tienda3d.bio-esencia.net\/index.php\/wp-json\/wp\/v2\/product_brand?post=336"},{"taxonomy":"product_cat","embeddable":true,"href":"https:\/\/tienda3d.bio-esencia.net\/index.php\/wp-json\/wp\/v2\/product_cat?post=336"},{"taxonomy":"product_tag","embeddable":true,"href":"https:\/\/tienda3d.bio-esencia.net\/index.php\/wp-json\/wp\/v2\/product_tag?post=336"}],"curies":[{"name":"wp","href":"https:\/\/api.w.org\/{rel}","templated":true}]}}