{"id":370,"date":"2026-03-09T15:34:43","date_gmt":"2026-03-09T15:34:43","guid":{"rendered":"https:\/\/tienda3d.bio-esencia.net\/?post_type=product&#038;p=370"},"modified":"2026-03-10T13:00:32","modified_gmt":"2026-03-10T13:00:32","slug":"molde-redondo-con-separadores-media-luna","status":"publish","type":"product","link":"https:\/\/tienda3d.bio-esencia.net\/index.php\/producto\/molde-redondo-con-separadores-media-luna\/","title":{"rendered":"Molde redondo con separadores media luna"},"content":{"rendered":"<p data-start=\"29\" data-end=\"59\"><strong data-start=\"29\" data-end=\"59\">Para molde redondo de 7 cm<\/strong><\/p>\n<p data-start=\"61\" data-end=\"142\">Dise\u00f1ados para transformar un molde redondo sencillo en una herramienta creativa.<\/p>\n<p data-start=\"144\" data-end=\"443\">Estos separadores en forma de media luna te permiten dividir el interior del molde con curvas limpias y org\u00e1nicas, creando composiciones m\u00e1s din\u00e1micas: mitades definidas, juegos de color enfrentados, efectos luna creciente o combinaciones en capas curvas que no podr\u00edas lograr con divisiones rectas.<\/p>\n<p data-start=\"445\" data-end=\"605\">Encajan perfectamente en nuestro molde redondo est\u00e1ndar de 7 cm de di\u00e1metro, manteniendo la estructura firme mientras trabajas y facilitando un desmolde limpio.<\/p>\n<p data-start=\"445\" data-end=\"605\">1 Separador molde luna grande, que queda fijo.<\/p>\n<p data-start=\"445\" data-end=\"605\">2 separadores molde luna peque\u00f1os movibles.<\/p>\n<p data-start=\"607\" data-end=\"620\">Ideales para:<\/p>\n<ul data-start=\"622\" data-end=\"768\">\n<li data-section-id=\"1jq5me2\" data-start=\"622\" data-end=\"662\">\n<p data-start=\"624\" data-end=\"662\">Dise\u00f1os bicolor con transici\u00f3n suave<\/p>\n<\/li>\n<li data-section-id=\"1wx6btd\" data-start=\"663\" data-end=\"694\">\n<p data-start=\"665\" data-end=\"694\">Composiciones tipo yin-yang<\/p>\n<\/li>\n<li data-section-id=\"thf2be\" data-start=\"695\" data-end=\"729\">\n<p data-start=\"697\" data-end=\"729\">Efectos luna creciente o fases<\/p>\n<\/li>\n<li data-section-id=\"1plc9i4\" data-start=\"730\" data-end=\"768\">\n<p data-start=\"732\" data-end=\"768\">Capas curvas con contraste natural<\/p>\n<\/li>\n<\/ul>\n<p data-start=\"770\" data-end=\"832\">Una pieza peque\u00f1a que cambia por completo el resultado visual.<\/p>\n<p data-start=\"834\" data-end=\"921\" data-is-last-node=\"\" data-is-only-node=\"\">Porque a veces no necesitas otro molde.<br data-start=\"873\" data-end=\"876\" \/>Solo otra forma de dividir la creatividad. \ud83c\udf19<\/p>\n<p data-start=\"834\" data-end=\"921\" data-is-last-node=\"\" data-is-only-node=\"\"><strong>Nota: Los moldes de color pierden intensidad con el uso por el contacto con la sosa c\u00e1ustica. Es algo normal y solo afecta al color, no a su funcionamiento.<\/strong><\/p>\n<div style=\"width: 1080px;\" class=\"wp-video\"><video class=\"wp-video-shortcode\" id=\"video-370-1\" width=\"1080\" height=\"1920\" preload=\"metadata\" controls=\"controls\"><source type=\"video\/mp4\" src=\"https:\/\/tienda3d.bio-esencia.net\/wp-content\/uploads\/2026\/03\/separado-lunab.mp4?_=1\" \/><a href=\"https:\/\/tienda3d.bio-esencia.net\/wp-content\/uploads\/2026\/03\/separado-lunab.mp4\">https:\/\/tienda3d.bio-esencia.net\/wp-content\/uploads\/2026\/03\/separado-lunab.mp4<\/a><\/video><\/div>\n<p>&nbsp;<\/p>\n<div style=\"width: 1080px;\" class=\"wp-video\"><video class=\"wp-video-shortcode\" id=\"video-370-2\" width=\"1080\" height=\"1920\" preload=\"metadata\" controls=\"controls\"><source type=\"video\/mp4\" src=\"https:\/\/tienda3d.bio-esencia.net\/wp-content\/uploads\/2026\/03\/separador-lunac.mp4?_=2\" \/><a href=\"https:\/\/tienda3d.bio-esencia.net\/wp-content\/uploads\/2026\/03\/separador-lunac.mp4\">https:\/\/tienda3d.bio-esencia.net\/wp-content\/uploads\/2026\/03\/separador-lunac.mp4<\/a><\/video><\/div>\n","protected":false},"excerpt":{"rendered":"<p>Para molde redondo de 7 cm Dise\u00f1ados para transformar un molde redondo sencillo en una herramienta creativa. Estos separadores en forma de media luna te permiten dividir el interior del molde con curvas limpias y org\u00e1nicas, creando composiciones m\u00e1s din\u00e1micas: mitades definidas, juegos de color enfrentados, efectos luna creciente o combinaciones en capas curvas que [&hellip;]<\/p>\n","protected":false},"featured_media":371,"comment_status":"open","ping_status":"closed","template":"","meta":[],"product_brand":[],"product_cat":[26],"product_tag":[27],"class_list":{"0":"post-370","1":"product","2":"type-product","3":"status-publish","4":"has-post-thumbnail","6":"product_cat-moldes","7":"product_tag-jabones","9":"first","10":"instock","11":"taxable","12":"shipping-taxable","13":"purchasable","14":"product-type-simple"},"jetpack_sharing_enabled":true,"_links":{"self":[{"href":"https:\/\/tienda3d.bio-esencia.net\/index.php\/wp-json\/wp\/v2\/product\/370","targetHints":{"allow":["GET"]}}],"collection":[{"href":"https:\/\/tienda3d.bio-esencia.net\/index.php\/wp-json\/wp\/v2\/product"}],"about":[{"href":"https:\/\/tienda3d.bio-esencia.net\/index.php\/wp-json\/wp\/v2\/types\/product"}],"replies":[{"embeddable":true,"href":"https:\/\/tienda3d.bio-esencia.net\/index.php\/wp-json\/wp\/v2\/comments?post=370"}],"wp:featuredmedia":[{"embeddable":true,"href":"https:\/\/tienda3d.bio-esencia.net\/index.php\/wp-json\/wp\/v2\/media\/371"}],"wp:attachment":[{"href":"https:\/\/tienda3d.bio-esencia.net\/index.php\/wp-json\/wp\/v2\/media?parent=370"}],"wp:term":[{"taxonomy":"product_brand","embeddable":true,"href":"https:\/\/tienda3d.bio-esencia.net\/index.php\/wp-json\/wp\/v2\/product_brand?post=370"},{"taxonomy":"product_cat","embeddable":true,"href":"https:\/\/tienda3d.bio-esencia.net\/index.php\/wp-json\/wp\/v2\/product_cat?post=370"},{"taxonomy":"product_tag","embeddable":true,"href":"https:\/\/tienda3d.bio-esencia.net\/index.php\/wp-json\/wp\/v2\/product_tag?post=370"}],"curies":[{"name":"wp","href":"https:\/\/api.w.org\/{rel}","templated":true}]}}